{"id":2162,"date":"2023-01-18T09:22:44","date_gmt":"2023-01-18T09:22:44","guid":{"rendered":"https:\/\/rolfbenker.com\/was-machen-wir\/pergolas-cupulas-y-barandillas\/"},"modified":"2023-02-17T13:01:24","modified_gmt":"2023-02-17T13:01:24","slug":"ueberdachungen-dachkuppeln-und-gelaender","status":"publish","type":"page","link":"https:\/\/rolfbenker.com\/de\/was-machen-wir\/ueberdachungen-dachkuppeln-und-gelaender\/","title":{"rendered":"\u00dcberdachungen, Dachkuppeln und Gel\u00e4nder"},"content":{"rendered":"<div class=\"wpb-content-wrapper\"><p>[vc_row css=&#8220;.vc_custom_1674039487928{margin-top: 150px !important;}&#8220;][vc_column width=&#8220;1\/2&#8243;]<h2 class='heading-content  style-1' ><span>\u00dcBERDACHUNGEN, DACHKUPPELN UND GEL\u00c4NDER <\/span><\/h2>[vc_column_text]<strong>\u00dcberdachungen &#8211; Ob Sonne, Wind oder Regen \u2013 Sie sind gesch\u00fctzt<\/strong><br \/>\nEine Terrasse l\u00e4sst sich auf vielerlei Arten \u00fcberdachen oder mit einem Sonnenschutz versehen. Welche Variante f\u00fcr Sie die optimale ist, h\u00e4ngt vor allem davon ab, ob Sie immer im Schatten oder manchmal auch in der Sonne sitzen m\u00f6chten und ob Sie einen guten Regen- und Windschutz ben\u00f6tigen oder einfach einen gesch\u00fctzten Platz f\u00fcr Ihr Auto w\u00fcnschen. Oder m\u00f6chten Sie einen freistehenden Pavillon, der nicht mit dem Haus verbunden ist und Ihnen bei heissen Tagen Schatten spendet \u00e4hnlich wie ein Baum?<br \/>\nLassen Sie sich inspirieren<\/p>\n<p><strong>Gel\u00e4nder \u2013 Design und Sicherheit in einem. <\/strong><br \/>\nEin Gel\u00e4nder ist ein wichtiges Sicherungselemente zur Vermeidung von Unf\u00e4llen und Abst\u00fcrzen. Sprechen Sie uns an, wir beraten Sie gerne.<\/p>\n<p><strong>Dachkuppeln &#8211; F\u00fcr Helligkeit und ein besseres Raumklima im Bad<\/strong><br \/>\nDurch unsere Dachkuppeln wird der Raum mit Tageslicht durchflutet und dar\u00fcber hinaus auch noch perfekt bel\u00fcftet.<\/p>\n<p>Lassen Sie sich inspirieren[\/vc_column_text][vc_empty_space height=&#8220;25px&#8220;][vc_btn title=&#8220;CONTACTAR&#8220; style=&#8220;flat&#8220; shape=&#8220;square&#8220; color=&#8220;black&#8220; link=&#8220;url:https%3A%2F%2Frolfbenker.com%2Fcontacto%2F&#8220;][vc_empty_space height=&#8220;25px&#8220;][\/vc_column][vc_column width=&#8220;1\/2&#8243;][vc_images_carousel images=&#8220;2284,2281,2290,2296,2278,2287,2293&#8243; img_size=&#8220;735&#215;735&#8243; autoplay=&#8220;yes&#8220; wrap=&#8220;yes&#8220;][vc_empty_space height=&#8220;10px&#8220;][\/vc_column][\/vc_row][vc_row css=&#8220;.vc_custom_1674038509615{padding-top: 20px !important;padding-bottom: 20px !important;}&#8220;][vc_column el_class=&#8220;text-center&#8220;][vc_custom_heading text=&#8220;WEITERE LEISTUNGEN VON ROLF BENKER&#8220; font_container=&#8220;tag:h3|font_size:30px|text_align:center&#8220; use_theme_fonts=&#8220;yes&#8220;][\/vc_column][\/vc_row][vc_row css=&#8220;.vc_custom_1674056457114{margin-top: 80px !important;}&#8220;][vc_column width=&#8220;1\/4&#8243; css=&#8220;.vc_custom_1674056464037{padding: 3px !important;}&#8220;]<a href=\"https:\/\/rolfbenker.com\/de\/was-machen-wir\/wintergaerten\/\" class=\"f-content f-content--style-1\"><div class=\"f-content__image\"><img width=\"380\" height=\"250\" src=\"https:\/\/rolfbenker.com\/wp-content\/uploads\/2022\/11\/INVERNADERO-ROLF-BENKER.jpg\" class=\"attachment-full size-full\" alt=\"Rolf Benker La Palma invernaderos\" srcset=\"https:\/\/rolfbenker.com\/wp-content\/uploads\/2022\/11\/INVERNADERO-ROLF-BENKER.jpg 380w, https:\/\/rolfbenker.com\/wp-content\/uploads\/2022\/11\/INVERNADERO-ROLF-BENKER-300x197.jpg 300w, https:\/\/rolfbenker.com\/wp-content\/uploads\/2022\/11\/INVERNADERO-ROLF-BENKER-370x243.jpg 370w, https:\/\/rolfbenker.com\/wp-content\/uploads\/2022\/11\/INVERNADERO-ROLF-BENKER-360x237.jpg 360w\" sizes=\"(max-width: 380px) 100vw, 380px\" decoding=\"async\" fetchpriority=\"high\" title=\"\" loading=\"lazy\"><\/div><div class=\"f-content__wrap\"><div class=\"f-content__inner-wrap\"><div class=\"f-content__icon\" style=\"background-color:#3a2a29;\"><i class=\"\"><\/i><\/div><div class=\"f-content__title\">WINTERG\u00c4RTEN<\/div><div class=\"f-content__divider\" style=\"background-color:#3a2a29;\"><\/div><\/div><div class=\"f-content__content\"><strong>Vollendeter r\u00fcckzugsort verbindung der lebensr\u00e4ume<\/strong><\/div><\/div><\/a>[\/vc_column][vc_column width=&#8220;1\/4&#8243; css=&#8220;.vc_custom_1674056469023{padding: 3px !important;}&#8220;]<a href=\"https:\/\/rolfbenker.com\/de\/was-machen-wir\/aluminiumfenster-und-tueren\/\" class=\"f-content f-content--style-2\"><div class=\"f-content__image\"><img width=\"360\" height=\"237\" src=\"https:\/\/rolfbenker.com\/wp-content\/uploads\/2023\/01\/ventanas-aluminio-rolfbenker.jpg\" class=\"attachment-full size-full\" alt=\"Ventanas de aluminio\" srcset=\"https:\/\/rolfbenker.com\/wp-content\/uploads\/2023\/01\/ventanas-aluminio-rolfbenker.jpg 360w, https:\/\/rolfbenker.com\/wp-content\/uploads\/2023\/01\/ventanas-aluminio-rolfbenker-300x198.jpg 300w\" sizes=\"auto, (max-width: 360px) 100vw, 360px\" loading=\"lazy\" decoding=\"async\" fetchpriority=\"low\" title=\"\"><\/div><div class=\"f-content__wrap\"><div class=\"f-content__inner-wrap\"><div class=\"f-content__icon\" style=\"background-color:#ffcc43;\"><i class=\"\"><\/i><\/div><div class=\"f-content__title\">ALUMINIUMFENSTER UND -T\u00dcREN<\/div><div class=\"f-content__divider\" style=\"background-color:#3a2a29;\"><\/div><\/div><div class=\"f-content__content\"><strong>Langlebig, energieeffizient, stabil. Lassen Sie sich inspirieren<\/strong><\/div><\/div><\/a>[\/vc_column][vc_column width=&#8220;1\/4&#8243; css=&#8220;.vc_custom_1674056474319{padding: 3px !important;}&#8220;]<a href=\"https:\/\/rolfbenker.com\/de\/was-machen-wir\/moebelbau-aus-massivholz\/\" class=\"f-content f-content--style-2\"><div class=\"f-content__image\"><img width=\"380\" height=\"250\" src=\"https:\/\/rolfbenker.com\/wp-content\/uploads\/2022\/11\/MUEBLES-ROLFBENKER.jpg\" class=\"attachment-full size-full\" alt=\"Dise\u00f1o de muebles\" srcset=\"https:\/\/rolfbenker.com\/wp-content\/uploads\/2022\/11\/MUEBLES-ROLFBENKER.jpg 380w, https:\/\/rolfbenker.com\/wp-content\/uploads\/2022\/11\/MUEBLES-ROLFBENKER-300x197.jpg 300w, https:\/\/rolfbenker.com\/wp-content\/uploads\/2022\/11\/MUEBLES-ROLFBENKER-370x243.jpg 370w, https:\/\/rolfbenker.com\/wp-content\/uploads\/2022\/11\/MUEBLES-ROLFBENKER-360x237.jpg 360w\" sizes=\"auto, (max-width: 380px) 100vw, 380px\" loading=\"lazy\" decoding=\"async\" fetchpriority=\"low\" title=\"\"><\/div><div class=\"f-content__wrap\"><div class=\"f-content__inner-wrap\"><div class=\"f-content__icon\" style=\"background-color:#ffcc43;\"><i class=\"\"><\/i><\/div><div class=\"f-content__title\">M\u00d6BELBAU AUS MASSIVHOLZ<\/div><div class=\"f-content__divider\" style=\"background-color:#3a2a29;\"><\/div><\/div><div class=\"f-content__content\"><strong><span lang=\"de-DE\">Wir erstellen individuelle M\u00f6bel nach Ihren Vorgaben und lassen Ihre Tr\u00e4ume Wirklichkeit werden.<\/span><\/strong><\/div><\/div><\/a>[\/vc_column][vc_column width=&#8220;1\/4&#8243; css=&#8220;.vc_custom_1674056480314{padding: 3px !important;}&#8220;]<a href=\"https:\/\/rolfbenker.com\/de\/was-machen-wir\/innenausbau-neugestaltung\/\" class=\"f-content f-content--style-2\"><div class=\"f-content__image\"><img width=\"380\" height=\"250\" src=\"https:\/\/rolfbenker.com\/wp-content\/uploads\/2022\/11\/DISENO-MUEBLES-ROLF-BENKER.jpg\" class=\"attachment-full size-full\" alt=\"Dise\u00f1o de muebles\" srcset=\"https:\/\/rolfbenker.com\/wp-content\/uploads\/2022\/11\/DISENO-MUEBLES-ROLF-BENKER.jpg 380w, https:\/\/rolfbenker.com\/wp-content\/uploads\/2022\/11\/DISENO-MUEBLES-ROLF-BENKER-300x197.jpg 300w, https:\/\/rolfbenker.com\/wp-content\/uploads\/2022\/11\/DISENO-MUEBLES-ROLF-BENKER-370x243.jpg 370w, https:\/\/rolfbenker.com\/wp-content\/uploads\/2022\/11\/DISENO-MUEBLES-ROLF-BENKER-360x237.jpg 360w\" sizes=\"auto, (max-width: 380px) 100vw, 380px\" loading=\"lazy\" decoding=\"async\" fetchpriority=\"low\" title=\"\"><\/div><div class=\"f-content__wrap\"><div class=\"f-content__inner-wrap\"><div class=\"f-content__icon\" style=\"background-color:#ffcc43;\"><i class=\"\"><\/i><\/div><div class=\"f-content__title\">Innenausbau &amp; Neugestaltung<\/div><div class=\"f-content__divider\" style=\"background-color:#3a2a29;\"><\/div><\/div><div class=\"f-content__content\"><strong><span lang=\"de-DE\">Ob Ladenbau, Privatr\u00e4ume oder K\u00fcchen, in meiner Werkstatt werden s\u00e4mtliche Holzarbeiten erstellt.<\/span><\/strong><\/div><\/div><\/a>[\/vc_column][\/vc_row][vc_row full_width=&#8220;stretch_row&#8220; css=&#8220;.vc_custom_1669819799047{padding-top: 50px !important;padding-bottom: 40px !important;background-color: #ffffff !important;}&#8220; has_content=&#8220;true&#8220;][vc_column]<h1 class='heading-middle  divider-sm' ><span>Weltweite Marken, die mit uns zusammenarbeiten<\/span><\/h1>[vc_empty_space height=&#8220;20px&#8220;]<div class='logos logos--style-2'><div class=\"owl-carousel\" data-margin=\"6\" data-col=\"5\" data-nav=\"true\" data-num-logos=\"13\"><div class='logos__item' style=\"background-color:#ffffff;\"><div class='logos__wrap'><img decoding=\"async\" class=\"logos__image\" src=\"https:\/\/rolfbenker.com\/wp-content\/uploads\/2023\/01\/cortizo.jpg\" alt=\"Cortizo - Rolf Benker\" title=\"\" loading=\"lazy\" fetchpriority=\"low\"><\/div><\/div><div class='logos__item' style=\"background-color:#ffffff;\"><div class='logos__wrap'><img decoding=\"async\" class=\"logos__image\" src=\"https:\/\/rolfbenker.com\/wp-content\/uploads\/2023\/01\/hettich.jpg\" alt=\"Hettich - Rolf Benker\" title=\"\" loading=\"lazy\" fetchpriority=\"low\"><\/div><\/div><div class='logos__item' style=\"background-color:#ffffff;\"><div class='logos__wrap'><img decoding=\"async\" class=\"logos__image\" src=\"https:\/\/rolfbenker.com\/wp-content\/uploads\/2023\/01\/alvic.jpg\" alt=\"Alvic- Rolf Benker\" title=\"\" loading=\"lazy\" fetchpriority=\"low\"><\/div><\/div><div class='logos__item' style=\"background-color:#ffffff;\"><div class='logos__wrap'><img decoding=\"async\" class=\"logos__image\" src=\"https:\/\/rolfbenker.com\/wp-content\/uploads\/2023\/01\/giesse.jpg\" alt=\"Giesse - Rolf Benker\" title=\"\" loading=\"lazy\" fetchpriority=\"low\"><\/div><\/div><div class='logos__item' style=\"background-color:#ffffff;\"><div class='logos__wrap'><img decoding=\"async\" class=\"logos__image\" src=\"https:\/\/rolfbenker.com\/wp-content\/uploads\/2023\/01\/wilka.jpg\" alt=\"Wilka - Rolf Benker\" title=\"\" loading=\"lazy\" fetchpriority=\"low\"><\/div><\/div><div class='logos__item' style=\"background-color:#ffffff;\"><div class='logos__wrap'><img decoding=\"async\" class=\"logos__image\" src=\"https:\/\/rolfbenker.com\/wp-content\/uploads\/2023\/01\/stac.jpg\" alt=\"Stac - Rolf Benker\" title=\"\" loading=\"lazy\" fetchpriority=\"low\"><\/div><\/div><div class='logos__item' style=\"background-color:#ffffff;\"><div class='logos__wrap'><img decoding=\"async\" class=\"logos__image\" src=\"https:\/\/rolfbenker.com\/wp-content\/uploads\/2023\/01\/iseo.jpg\" alt=\"ISEO - Rolf Benker\" title=\"\" loading=\"lazy\" fetchpriority=\"low\"><\/div><\/div><div class='logos__item' style=\"background-color:#ffffff;\"><div class='logos__wrap'><img decoding=\"async\" class=\"logos__image\" src=\"https:\/\/rolfbenker.com\/wp-content\/uploads\/2023\/01\/quilosa.jpg\" alt=\"QUILOSA - Rolf Benker\" title=\"\" loading=\"lazy\" fetchpriority=\"low\"><\/div><\/div><div class='logos__item' style=\"background-color:#ffffff;\"><div class='logos__wrap'><img decoding=\"async\" class=\"logos__image\" src=\"https:\/\/rolfbenker.com\/wp-content\/uploads\/2023\/01\/berner.jpg\" alt=\"BERNER - Rolf Benker\" title=\"\" loading=\"lazy\" fetchpriority=\"low\"><\/div><\/div><div class='logos__item' style=\"background-color:#ffffff;\"><div class='logos__wrap'><img decoding=\"async\" class=\"logos__image\" src=\"https:\/\/rolfbenker.com\/wp-content\/uploads\/2023\/01\/makita.jpg\" alt=\"MAKITA - Rolf Benker\" title=\"\" loading=\"lazy\" fetchpriority=\"low\"><\/div><\/div><div class='logos__item' style=\"background-color:#ffffff;\"><div class='logos__wrap'><img decoding=\"async\" class=\"logos__image\" src=\"https:\/\/rolfbenker.com\/wp-content\/uploads\/2023\/01\/wurth.jpg\" alt=\"WURTH - Rolf Benker\" title=\"\" loading=\"lazy\" fetchpriority=\"low\"><\/div><\/div><div class='logos__item' style=\"background-color:#ffffff;\"><div class='logos__wrap'><img decoding=\"async\" class=\"logos__image\" src=\"https:\/\/rolfbenker.com\/wp-content\/uploads\/2023\/01\/moso.jpg\" alt=\"MOSO2 - Rolf Benker\" title=\"\" loading=\"lazy\" fetchpriority=\"low\"><\/div><\/div><div class='logos__item' style=\"background-color:#ffffff;\"><div class='logos__wrap'><img decoding=\"async\" class=\"logos__image\" src=\"https:\/\/rolfbenker.com\/wp-content\/uploads\/2023\/01\/haro.jpg\" alt=\"HARO - Rolf Benker\" title=\"\" loading=\"lazy\" fetchpriority=\"low\"><\/div><\/div><\/div><\/div>[\/vc_column][\/vc_row]<\/p>\n<\/div>","protected":false},"excerpt":{"rendered":"<p>[vc_row css=&#8220;.vc_custom_1674039487928{margin-top: 150px !important;}&#8220;][vc_column width=&#8220;1\/2&#8243;][vc_column_text]\u00dcberdachungen &#8211; Ob Sonne, Wind oder Regen \u2013 Sie sind gesch\u00fctzt Eine Terrasse l\u00e4sst sich auf vielerlei Arten \u00fcberdachen oder mit einem Sonnenschutz versehen. Welche Variante f\u00fcr Sie die optimale ist, h\u00e4ngt vor allem davon ab,&#8230;<\/p>\n","protected":false},"author":1,"featured_media":0,"parent":2156,"menu_order":0,"comment_status":"closed","ping_status":"closed","template":"","meta":{"footnotes":""},"class_list":["post-2162","page","type-page","status-publish","hentry"],"_links":{"self":[{"href":"https:\/\/rolfbenker.com\/de\/wp-json\/wp\/v2\/pages\/2162","targetHints":{"allow":["GET"]}}],"collection":[{"href":"https:\/\/rolfbenker.com\/de\/wp-json\/wp\/v2\/pages"}],"about":[{"href":"https:\/\/rolfbenker.com\/de\/wp-json\/wp\/v2\/types\/page"}],"author":[{"embeddable":true,"href":"https:\/\/rolfbenker.com\/de\/wp-json\/wp\/v2\/users\/1"}],"replies":[{"embeddable":true,"href":"https:\/\/rolfbenker.com\/de\/wp-json\/wp\/v2\/comments?post=2162"}],"version-history":[{"count":6,"href":"https:\/\/rolfbenker.com\/de\/wp-json\/wp\/v2\/pages\/2162\/revisions"}],"predecessor-version":[{"id":2298,"href":"https:\/\/rolfbenker.com\/de\/wp-json\/wp\/v2\/pages\/2162\/revisions\/2298"}],"up":[{"embeddable":true,"href":"https:\/\/rolfbenker.com\/de\/wp-json\/wp\/v2\/pages\/2156"}],"wp:attachment":[{"href":"https:\/\/rolfbenker.com\/de\/wp-json\/wp\/v2\/media?parent=2162"}],"curies":[{"name":"wp","href":"https:\/\/api.w.org\/{rel}","templated":true}]}}