{"id":3482,"date":"2024-08-27T12:47:34","date_gmt":"2024-08-27T12:47:34","guid":{"rendered":"https:\/\/rolfbenker.com\/?page_id=3482"},"modified":"2024-08-13T13:03:16","modified_gmt":"2024-08-13T13:03:16","slug":"satteldaecher-aus-glas","status":"publish","type":"page","link":"https:\/\/rolfbenker.com\/de\/satteldaecher-aus-glas\/","title":{"rendered":"Alles, was du \u00fcber Glasd\u00e4cher mit vier Schr\u00e4gen wissen musst."},"content":{"rendered":"<div class=\"flex-shrink-0 flex flex-col relative items-end\">\n<div>\n<div class=\"pt-0\">\n<div class=\"gizmo-bot-avatar flex h-8 w-8 items-center justify-center overflow-hidden rounded-full\">\n<div class=\"relative p-1 rounded-sm flex items-center justify-center bg-token-main-surface-primary text-token-text-primary h-8 w-8\">Das Glasdach mit vier Schr\u00e4gen ist eine architektonische Option, die Eleganz, Modernit\u00e4t und Funktionalit\u00e4t in einem einzigen Design vereint. Diese Art von D\u00e4chern, gekennzeichnet durch ihre vier geneigten Fl\u00e4chen, die an einem zentralen Punkt zusammenlaufen, wird in Bau- und Renovierungsprojekten von Wohn- und Gewerbeimmobilien immer beliebter.<\/div>\n<\/div>\n<\/div>\n<\/div>\n<\/div>\n<div class=\"group\/conversation-turn relative flex w-full min-w-0 flex-col agent-turn\">\n<div class=\"flex-col gap-1 md:gap-3\">\n<div class=\"flex max-w-full flex-col flex-grow\">\n<div class=\"min-h-[20px] text-message flex w-full flex-col items-end gap-2 whitespace-pre-wrap break-words [.text-message+&amp;]:mt-5 overflow-x-auto\" dir=\"auto\" data-message-author-role=\"assistant\" data-message-id=\"f70fa2e4-4488-4259-8d36-6d9bcb1dc4c3\">\n<div class=\"flex w-full flex-col gap-1 empty:hidden first:pt-[3px]\">\n<div class=\"result-streaming markdown prose w-full break-words dark:prose-invert light\">\n<h3>Was ist ein Glasdach mit vier Schr\u00e4gen?<\/h3>\n<p>Ein Dach mit vier Schr\u00e4gen ist eine Struktur mit vier geneigten Fl\u00e4chen, von denen jede von einem gemeinsamen First in der Mitte bis zu den \u00e4u\u00dferen R\u00e4ndern des Geb\u00e4udes abf\u00e4llt. Die Version aus Glas f\u00fcgt ein zeitgen\u00f6ssisches Element hinzu und erm\u00f6glicht einen gr\u00f6\u00dferen Lichteinfall, wodurch helle R\u00e4ume mit Panoramablick auf die Umgebung entstehen.<\/p>\n<\/div>\n<\/div>\n<\/div>\n<\/div>\n<\/div>\n<\/div>\n<div id=\"attachment_3473\" style=\"width: 1450px\" class=\"wp-caption alignnone\"><img decoding=\"async\" aria-describedby=\"caption-attachment-3473\" class=\"size-full wp-image-3473\" src=\"https:\/\/rolfbenker.com\/wp-content\/uploads\/2024\/08\/techo-de-cristal-a-cuatroaguas-rolfbenker.jpg\" alt=\" techos de cristal a cuatro aguas\" width=\"1440\" height=\"1080\" title=\"\" srcset=\"https:\/\/rolfbenker.com\/wp-content\/uploads\/2024\/08\/techo-de-cristal-a-cuatroaguas-rolfbenker.jpg 1440w, https:\/\/rolfbenker.com\/wp-content\/uploads\/2024\/08\/techo-de-cristal-a-cuatroaguas-rolfbenker-300x225.jpg 300w, https:\/\/rolfbenker.com\/wp-content\/uploads\/2024\/08\/techo-de-cristal-a-cuatroaguas-rolfbenker-1024x768.jpg 1024w, https:\/\/rolfbenker.com\/wp-content\/uploads\/2024\/08\/techo-de-cristal-a-cuatroaguas-rolfbenker-768x576.jpg 768w, https:\/\/rolfbenker.com\/wp-content\/uploads\/2024\/08\/techo-de-cristal-a-cuatroaguas-rolfbenker-370x278.jpg 370w, https:\/\/rolfbenker.com\/wp-content\/uploads\/2024\/08\/techo-de-cristal-a-cuatroaguas-rolfbenker-1200x900.jpg 1200w, https:\/\/rolfbenker.com\/wp-content\/uploads\/2024\/08\/techo-de-cristal-a-cuatroaguas-rolfbenker-360x270.jpg 360w\" sizes=\"auto, (max-width: 1440px) 100vw, 1440px\" \/ fetchpriority=\"high\"><p id=\"caption-attachment-3473\" class=\"wp-caption-text\">Techos de cristal a cuatro aguas<\/p><\/div>\n<h3>Glasd\u00e4cher mit vier Schr\u00e4gen<\/h3>\n<h4>Vorteile von Glasd\u00e4chern mit vier Schr\u00e4gen<\/h4>\n<ol>\n<li><strong>Beleuchtung<\/strong>: Einer der Hauptvorteile dieser D\u00e4cher ist der nat\u00fcrliche Lichteinfall, der den Bedarf an k\u00fcnstlicher Beleuchtung reduziert und eine angenehmere und einladendere Atmosph\u00e4re schafft.<\/li>\n<li><strong>Verbindung mit dem Au\u00dfenbereich<\/strong>: Diese D\u00e4cher erm\u00f6glichen es, den Blick auf den Himmel oder die nat\u00fcrliche Umgebung zu genie\u00dfen, was ein Gef\u00fchl von Offenheit und Verbundenheit mit der Natur schafft.<\/li>\n<li><strong>\u00c4sthetik und Modernit\u00e4t<\/strong>: Glasd\u00e4cher mit vier Schr\u00e4gen verleihen jeder Immobilie einen modernen und anspruchsvollen Stil. Ihr elegantes Design verwandelt sowohl Innen- als auch Au\u00dfenbereiche und bietet eine \u00c4sthetik, die das Klassische mit dem Zeitgen\u00f6ssischen verbindet.<\/li>\n<li><strong>Wertsteigerung der Immobilie<\/strong>: Die Einbeziehung solcher D\u00e4cher in ein Bau- oder Renovierungsprojekt kann den Wert der Immobilie dank ihres \u00e4sthetischen und funktionalen Einflusses erheblich steigern.<\/li>\n<li><strong>Vielseitigkeit<\/strong>: Glasd\u00e4cher mit vier Schr\u00e4gen sind ideal f\u00fcr verschiedene Anwendungen, von Veranden und Winterg\u00e4rten bis hin zu Wohnzimmern und Freizeitr\u00e4umen. Ihre Vielseitigkeit macht sie sowohl f\u00fcr private Residenzen als auch f\u00fcr gewerbliche R\u00e4ume geeignet.<\/li>\n<\/ol>\n<div id=\"attachment_3475\" style=\"width: 1290px\" class=\"wp-caption alignnone\"><img loading=\"lazy\" decoding=\"async\" aria-describedby=\"caption-attachment-3475\" class=\"size-full wp-image-3475\" src=\"https:\/\/rolfbenker.com\/wp-content\/uploads\/2024\/08\/instalacion-techo-cristal-cuatro-aguas-lapalma.jpg\" alt=\"Techos de cristal a cuatro aguas\" width=\"1280\" height=\"670\" title=\"\" srcset=\"https:\/\/rolfbenker.com\/wp-content\/uploads\/2024\/08\/instalacion-techo-cristal-cuatro-aguas-lapalma.jpg 1280w, https:\/\/rolfbenker.com\/wp-content\/uploads\/2024\/08\/instalacion-techo-cristal-cuatro-aguas-lapalma-300x157.jpg 300w, https:\/\/rolfbenker.com\/wp-content\/uploads\/2024\/08\/instalacion-techo-cristal-cuatro-aguas-lapalma-1024x536.jpg 1024w, https:\/\/rolfbenker.com\/wp-content\/uploads\/2024\/08\/instalacion-techo-cristal-cuatro-aguas-lapalma-768x402.jpg 768w, https:\/\/rolfbenker.com\/wp-content\/uploads\/2024\/08\/instalacion-techo-cristal-cuatro-aguas-lapalma-370x194.jpg 370w, https:\/\/rolfbenker.com\/wp-content\/uploads\/2024\/08\/instalacion-techo-cristal-cuatro-aguas-lapalma-1200x628.jpg 1200w, https:\/\/rolfbenker.com\/wp-content\/uploads\/2024\/08\/instalacion-techo-cristal-cuatro-aguas-lapalma-360x188.jpg 360w\" sizes=\"auto, (max-width: 1280px) 100vw, 1280px\" \/ fetchpriority=\"low\"><p id=\"caption-attachment-3475\" class=\"wp-caption-text\">Techos de cristal a cuatro aguas<\/p><\/div>\n<h3>Technische \u00dcberlegungen und Installation<\/h3>\n<ul>\n<li><strong>Qualitativ hochwertige Materialien<\/strong>: Die Verwendung von hochwertigem Glas ist entscheidend f\u00fcr eine h\u00f6here Widerstandsf\u00e4higkeit, Sicherheit sowie thermische und akustische Isolierung. Laminierte oder doppelt verglaste Scheiben gew\u00e4hrleisten, dass das Dach langlebig und effizient ist.<\/li>\n<li><strong>Thermische Isolierung<\/strong>: Es ist wichtig, dass das Glas gut isoliert ist, um W\u00e4rmeverluste im Winter und \u00fcberm\u00e4\u00dfige W\u00e4rmegewinne im Sommer zu vermeiden.<\/li>\n<li><strong>Entw\u00e4sserungssystem<\/strong>: Da D\u00e4cher mit vier Schr\u00e4gen geneigte Fl\u00e4chen haben, ist es wichtig, ein geeignetes Entw\u00e4sserungssystem zu entwerfen, das Wasseransammlungen verhindert. Dies tr\u00e4gt dazu bei, Undichtigkeiten und strukturelle Sch\u00e4den zu vermeiden.<\/li>\n<li><strong>Sonnenschutz<\/strong>: Abh\u00e4ngig von der Ausrichtung des Daches kann es notwendig sein, Sonnenschutzl\u00f6sungen wie integrierte Jalousien oder get\u00f6ntes Glas zu integrieren, um die Menge an Licht und W\u00e4rme, die in den Raum gelangt, zu kontrollieren.<\/li>\n<li><strong>Wartung<\/strong>: Glasd\u00e4cher erfordern regelm\u00e4\u00dfige Wartung, um ihre Transparenz und ihren guten Zustand zu bewahren. Die regelm\u00e4\u00dfige Reinigung des Glases sowie die \u00dcberpr\u00fcfung der Fugen und Abdichtungen gew\u00e4hrleisten die Langlebigkeit des Daches.<\/li>\n<\/ul>\n<p>Das Glasdach mit vier Schr\u00e4gen ist eine interessante Option, die jeden Raum versch\u00f6nert und einen signifikanten Mehrwert f\u00fcr den Ort schafft, an dem es installiert wird. Wenn du ein Projekt in Erw\u00e4gung ziehst, das ein Dach mit diesen Eigenschaften umfasst, kannst du uns gerne kontaktieren. Unsere Fachleute beraten dich in jeder Phase des Prozesses, von der Gestaltung \u00fcber die Installation bis hin zur Wartung.<\/p>\n<p>&nbsp;<\/p>\n<p><img loading=\"lazy\" decoding=\"async\" class=\"size-full wp-image-3477\" src=\"https:\/\/rolfbenker.com\/wp-content\/uploads\/2024\/08\/techo-de-cristal-cuatro-aguas-rolfbenker-carpinteria.jpg\" alt=\"Rolf Benker, carpinter\u00eda en La Palma\" width=\"507\" height=\"540\" title=\"\" srcset=\"https:\/\/rolfbenker.com\/wp-content\/uploads\/2024\/08\/techo-de-cristal-cuatro-aguas-rolfbenker-carpinteria.jpg 507w, https:\/\/rolfbenker.com\/wp-content\/uploads\/2024\/08\/techo-de-cristal-cuatro-aguas-rolfbenker-carpinteria-282x300.jpg 282w, https:\/\/rolfbenker.com\/wp-content\/uploads\/2024\/08\/techo-de-cristal-cuatro-aguas-rolfbenker-carpinteria-338x360.jpg 338w, https:\/\/rolfbenker.com\/wp-content\/uploads\/2024\/08\/techo-de-cristal-cuatro-aguas-rolfbenker-carpinteria-360x383.jpg 360w\" sizes=\"auto, (max-width: 507px) 100vw, 507px\" \/ fetchpriority=\"low\"><\/p>\n<p><span style=\"font-size: 14px;\">Rolf Benker, carpinter\u00eda en La Palma<\/span><\/p>\n<p>&nbsp;<\/p>\n<div id=\"attachment_3273\" style=\"width: 1210px\" class=\"wp-caption alignnone\"><img loading=\"lazy\" decoding=\"async\" aria-describedby=\"caption-attachment-3273\" class=\"size-full wp-image-3273\" src=\"https:\/\/rolfbenker.com\/wp-content\/uploads\/2024\/02\/invernadero-rolfbenker01.jpg\" alt=\"Rolf Benker, carpinter\u00eda en La Palma\" width=\"1200\" height=\"1600\" title=\"\" srcset=\"https:\/\/rolfbenker.com\/wp-content\/uploads\/2024\/02\/invernadero-rolfbenker01.jpg 1200w, https:\/\/rolfbenker.com\/wp-content\/uploads\/2024\/02\/invernadero-rolfbenker01-225x300.jpg 225w, https:\/\/rolfbenker.com\/wp-content\/uploads\/2024\/02\/invernadero-rolfbenker01-768x1024.jpg 768w, https:\/\/rolfbenker.com\/wp-content\/uploads\/2024\/02\/invernadero-rolfbenker01-1152x1536.jpg 1152w, https:\/\/rolfbenker.com\/wp-content\/uploads\/2024\/02\/invernadero-rolfbenker01-270x360.jpg 270w, https:\/\/rolfbenker.com\/wp-content\/uploads\/2024\/02\/invernadero-rolfbenker01-360x480.jpg 360w\" sizes=\"auto, (max-width: 1200px) 100vw, 1200px\" \/ fetchpriority=\"low\"><p id=\"caption-attachment-3273\" class=\"wp-caption-text\">Rolf Benker, carpinter\u00eda en La Palma<\/p><\/div>\n<p>&nbsp;<\/p>\n<div id=\"attachment_3058\" style=\"width: 1210px\" class=\"wp-caption alignnone\"><img loading=\"lazy\" decoding=\"async\" aria-describedby=\"caption-attachment-3058\" class=\"size-full wp-image-3058\" src=\"https:\/\/rolfbenker.com\/wp-content\/uploads\/2023\/09\/techodecrista-rolfbenker.jpg\" alt=\"Rolf Benker, carpinter\u00eda en La Palma\" width=\"1200\" height=\"1600\" title=\"\" srcset=\"https:\/\/rolfbenker.com\/wp-content\/uploads\/2023\/09\/techodecrista-rolfbenker.jpg 1200w, https:\/\/rolfbenker.com\/wp-content\/uploads\/2023\/09\/techodecrista-rolfbenker-225x300.jpg 225w, https:\/\/rolfbenker.com\/wp-content\/uploads\/2023\/09\/techodecrista-rolfbenker-768x1024.jpg 768w, https:\/\/rolfbenker.com\/wp-content\/uploads\/2023\/09\/techodecrista-rolfbenker-1152x1536.jpg 1152w, https:\/\/rolfbenker.com\/wp-content\/uploads\/2023\/09\/techodecrista-rolfbenker-270x360.jpg 270w, https:\/\/rolfbenker.com\/wp-content\/uploads\/2023\/09\/techodecrista-rolfbenker-360x480.jpg 360w\" sizes=\"auto, (max-width: 1200px) 100vw, 1200px\" \/ fetchpriority=\"low\"><p id=\"caption-attachment-3058\" class=\"wp-caption-text\">Rolf Benker, carpinter\u00eda en La Palma<\/p><\/div>\n","protected":false},"excerpt":{"rendered":"<p>Das Glasdach mit vier Schr\u00e4gen ist eine architektonische Option, die Eleganz, Modernit\u00e4t und Funktionalit\u00e4t in einem einzigen Design vereint. Diese Art von D\u00e4chern, gekennzeichnet durch ihre vier geneigten Fl\u00e4chen, die an einem zentralen Punkt zusammenlaufen, wird in Bau- und Renovierungsprojekten&#8230;<\/p>\n","protected":false},"author":1,"featured_media":3474,"parent":0,"menu_order":0,"comment_status":"closed","ping_status":"closed","template":"","meta":{"footnotes":""},"class_list":["post-3482","page","type-page","status-publish","has-post-thumbnail","hentry"],"_links":{"self":[{"href":"https:\/\/rolfbenker.com\/de\/wp-json\/wp\/v2\/pages\/3482","targetHints":{"allow":["GET"]}}],"collection":[{"href":"https:\/\/rolfbenker.com\/de\/wp-json\/wp\/v2\/pages"}],"about":[{"href":"https:\/\/rolfbenker.com\/de\/wp-json\/wp\/v2\/types\/page"}],"author":[{"embeddable":true,"href":"https:\/\/rolfbenker.com\/de\/wp-json\/wp\/v2\/users\/1"}],"replies":[{"embeddable":true,"href":"https:\/\/rolfbenker.com\/de\/wp-json\/wp\/v2\/comments?post=3482"}],"version-history":[{"count":4,"href":"https:\/\/rolfbenker.com\/de\/wp-json\/wp\/v2\/pages\/3482\/revisions"}],"predecessor-version":[{"id":3486,"href":"https:\/\/rolfbenker.com\/de\/wp-json\/wp\/v2\/pages\/3482\/revisions\/3486"}],"wp:featuredmedia":[{"embeddable":true,"href":"https:\/\/rolfbenker.com\/de\/wp-json\/wp\/v2\/media\/3474"}],"wp:attachment":[{"href":"https:\/\/rolfbenker.com\/de\/wp-json\/wp\/v2\/media?parent=3482"}],"curies":[{"name":"wp","href":"https:\/\/api.w.org\/{rel}","templated":true}]}}